{"id":189,"date":"2023-07-01T21:38:00","date_gmt":"2023-07-01T19:38:00","guid":{"rendered":"https:\/\/shop.mira-fleur.de\/?post_type=product&#038;p=189"},"modified":"2023-08-02T23:59:13","modified_gmt":"2023-08-02T21:59:13","slug":"teller-platzteller-platinrand","status":"publish","type":"product","link":"https:\/\/shop.mira-fleur.de\/shop\/produkt\/teller-platzteller-platinrand\/","title":{"rendered":"Teller Platzteller Platinrand"},"content":{"rendered":"<p><img decoding=\"async\" class=\"alignnone size-medium wp-image-190\" src=\"https:\/\/shop.mira-fleur.de\/wp-content\/uploads\/2023\/07\/Teller_Platzteller_Platinrand_Dm32cm_2erSet_Kh1018003499-300x158.jpg\" alt=\"\" width=\"300\" height=\"158\" srcset=\"https:\/\/shop.mira-fleur.de\/wp-content\/uploads\/2023\/07\/Teller_Platzteller_Platinrand_Dm32cm_2erSet_Kh1018003499-300x158.jpg 300w, https:\/\/shop.mira-fleur.de\/wp-content\/uploads\/2023\/07\/Teller_Platzteller_Platinrand_Dm32cm_2erSet_Kh1018003499.jpg 350w\" sizes=\"(max-width: 300px) 100vw, 300px\" \/><\/p>\n<p>Teller \/ Platzteller PLATINRAND<\/p>\n<p>Durchmesser 32 cm<\/p>\n<p>2er Set<\/p>\n<p>(weitere St\u00fcckzahlen gerne auf Anfrage)<\/p>\n<p>Artikel Nr kh1018003499<\/p>\n","protected":false},"excerpt":{"rendered":"<h4>Teller \/ Platzteller PLATINRAND<\/h4>\n<h4>Durchmesser 32 cm<\/h4>\n<h4>2er Set<\/h4>\n<h4>(weitere St\u00fcckzahlen gerne auf Anfrage)<\/h4>\n<h4>Artikel Nr kh1018003499<\/h4>\n<p>&nbsp;<\/p>\n<h6>UNSERE KLEINODE SIND HANDWERKLICH HERGESTELLT, UND SOMIT K\u00d6NNEN DIE GELIEFERTEN ARTIKEL MINIMAL IN FARBE UND GR\u00d6SSE VARIIEREN<\/h6>\n<h6>MINIMALE ABWEICHUNGEN SIND EIN QUALIT\u00c4TSMERKMAL, UND STELLEN KEINEN MANGEL DA.<\/h6>\n<h6><\/h6>\n<h6>F\u00dcR R\u00dcCKFRAGEN STEHEN WIR JEDERZEIT ZUR VERF\u00dcGUNG; GERNE PERS\u00d6NLICH, ODER AUCH AM TELEFON.<\/h6>\n","protected":false},"featured_media":190,"template":"","meta":[],"product_brand":[],"product_cat":[48,60,47,99],"product_tag":[41,34,40,56,68,52,62,63,61,50],"class_list":{"0":"post-189","1":"product","2":"type-product","3":"status-publish","4":"has-post-thumbnail","6":"product_cat-fine-dining","7":"product_cat-teller","8":"product_cat-tischkultur","9":"product_cat-verpackungseiheit_2","10":"product_tag-gift","11":"product_tag-glas","12":"product_tag-living","13":"product_tag-platin","14":"product_tag-platzteller","15":"product_tag-schoener-leben","16":"product_tag-speise","17":"product_tag-speiseteller","18":"product_tag-teller","19":"product_tag-tisckultur","20":"product_shipping_class-mittlere-pakete","22":"first","23":"instock","24":"taxable","25":"shipping-taxable","26":"purchasable","27":"product-type-simple"},"_links":{"self":[{"href":"https:\/\/shop.mira-fleur.de\/shop\/wp-json\/wp\/v2\/product\/189","targetHints":{"allow":["GET"]}}],"collection":[{"href":"https:\/\/shop.mira-fleur.de\/shop\/wp-json\/wp\/v2\/product"}],"about":[{"href":"https:\/\/shop.mira-fleur.de\/shop\/wp-json\/wp\/v2\/types\/product"}],"wp:featuredmedia":[{"embeddable":true,"href":"https:\/\/shop.mira-fleur.de\/shop\/wp-json\/wp\/v2\/media\/190"}],"wp:attachment":[{"href":"https:\/\/shop.mira-fleur.de\/shop\/wp-json\/wp\/v2\/media?parent=189"}],"wp:term":[{"taxonomy":"product_brand","embeddable":true,"href":"https:\/\/shop.mira-fleur.de\/shop\/wp-json\/wp\/v2\/product_brand?post=189"},{"taxonomy":"product_cat","embeddable":true,"href":"https:\/\/shop.mira-fleur.de\/shop\/wp-json\/wp\/v2\/product_cat?post=189"},{"taxonomy":"product_tag","embeddable":true,"href":"https:\/\/shop.mira-fleur.de\/shop\/wp-json\/wp\/v2\/product_tag?post=189"}],"curies":[{"name":"wp","href":"https:\/\/api.w.org\/{rel}","templated":true}]}}