{"id":185,"date":"2023-07-01T20:19:37","date_gmt":"2023-07-01T18:19:37","guid":{"rendered":"https:\/\/shop.mira-fleur.de\/?post_type=product&#038;p=185"},"modified":"2026-04-24T12:51:08","modified_gmt":"2026-04-24T10:51:08","slug":"teller-langohr","status":"publish","type":"product","link":"https:\/\/shop.mira-fleur.de\/shop\/produkt\/teller-langohr\/","title":{"rendered":"Teller Langohr"},"content":{"rendered":"<p><img fetchpriority=\"high\" decoding=\"async\" class=\"alignnone size-medium wp-image-186\" src=\"https:\/\/shop.mira-fleur.de\/wp-content\/uploads\/2023\/07\/Teller_Langohr_Dm20_Hf3087-291x300.jpg\" alt=\"\" width=\"291\" height=\"300\" srcset=\"https:\/\/shop.mira-fleur.de\/wp-content\/uploads\/2023\/07\/Teller_Langohr_Dm20_Hf3087-291x300.jpg 291w, https:\/\/shop.mira-fleur.de\/wp-content\/uploads\/2023\/07\/Teller_Langohr_Dm20_Hf3087-300x309.jpg 300w, https:\/\/shop.mira-fleur.de\/wp-content\/uploads\/2023\/07\/Teller_Langohr_Dm20_Hf3087.jpg 340w\" sizes=\"(max-width: 291px) 100vw, 291px\" \/><\/p>\n<h6>Teller Langohr<\/h6>\n<p>Durchmesser 20 cm<\/p>\n<p>Artikel Nr Hf3087<\/p>\n","protected":false},"excerpt":{"rendered":"<h4>Teller Langohr<\/h4>\n<h4>Durchmesser 20 cm<\/h4>\n<h4>Artikel Nr Hf3087<\/h4>\n<h6><\/h6>\n<h6>UNSERE KLEINODE SIND HANDWERKLICH HERGESTELLT, UND SOMIT K\u00d6NNEN DIE GELIEFERTEN ARTIKEL MINIMAL IN FARBE UND GR\u00d6SSE VARIIEREN<\/h6>\n<h6>MINIMALE ABWEICHUNGEN SIND EIN QUALIT\u00c4TSMERKMAL, UND STELLEN KEINEN MANGEL DA.<\/h6>\n<h6><\/h6>\n<h6>F\u00dcR R\u00dcCKFRAGEN STEHEN WIR JEDERZEIT ZUR VERF\u00dcGUNG; GERNE PERS\u00d6NLICH, ODER AUCH AM TELEFON.<\/h6>\n","protected":false},"featured_media":186,"template":"","meta":[],"product_brand":[],"product_cat":[48,29,60,47],"product_tag":[41,40,52,64,62,63,61,50,65],"class_list":{"0":"post-185","1":"product","2":"type-product","3":"status-publish","4":"has-post-thumbnail","6":"product_cat-fine-dining","7":"product_cat-sale","8":"product_cat-teller","9":"product_cat-tischkultur","10":"product_tag-gift","11":"product_tag-living","12":"product_tag-schoener-leben","13":"product_tag-schwarz","14":"product_tag-speise","15":"product_tag-speiseteller","16":"product_tag-teller","17":"product_tag-tisckultur","18":"product_tag-weiss","19":"product_shipping_class-kleine-pakete","21":"first","22":"instock","23":"sale","24":"taxable","25":"shipping-taxable","26":"purchasable","27":"product-type-simple"},"_links":{"self":[{"href":"https:\/\/shop.mira-fleur.de\/shop\/wp-json\/wp\/v2\/product\/185","targetHints":{"allow":["GET"]}}],"collection":[{"href":"https:\/\/shop.mira-fleur.de\/shop\/wp-json\/wp\/v2\/product"}],"about":[{"href":"https:\/\/shop.mira-fleur.de\/shop\/wp-json\/wp\/v2\/types\/product"}],"wp:featuredmedia":[{"embeddable":true,"href":"https:\/\/shop.mira-fleur.de\/shop\/wp-json\/wp\/v2\/media\/186"}],"wp:attachment":[{"href":"https:\/\/shop.mira-fleur.de\/shop\/wp-json\/wp\/v2\/media?parent=185"}],"wp:term":[{"taxonomy":"product_brand","embeddable":true,"href":"https:\/\/shop.mira-fleur.de\/shop\/wp-json\/wp\/v2\/product_brand?post=185"},{"taxonomy":"product_cat","embeddable":true,"href":"https:\/\/shop.mira-fleur.de\/shop\/wp-json\/wp\/v2\/product_cat?post=185"},{"taxonomy":"product_tag","embeddable":true,"href":"https:\/\/shop.mira-fleur.de\/shop\/wp-json\/wp\/v2\/product_tag?post=185"}],"curies":[{"name":"wp","href":"https:\/\/api.w.org\/{rel}","templated":true}]}}