{"id":175,"date":"2023-07-01T18:11:34","date_gmt":"2023-07-01T16:11:34","guid":{"rendered":"https:\/\/shop.mira-fleur.de\/?post_type=product&#038;p=175"},"modified":"2026-04-24T12:52:01","modified_gmt":"2026-04-24T10:52:01","slug":"speiseteller","status":"publish","type":"product","link":"https:\/\/shop.mira-fleur.de\/shop\/produkt\/speiseteller\/","title":{"rendered":"Speiseteller"},"content":{"rendered":"<p><img fetchpriority=\"high\" decoding=\"async\" class=\"alignnone size-medium wp-image-178\" src=\"https:\/\/shop.mira-fleur.de\/wp-content\/uploads\/2023\/07\/Speiseteller_Avenue_Dm265_Hf3546-292x300.jpg\" alt=\"\" width=\"292\" height=\"300\" srcset=\"https:\/\/shop.mira-fleur.de\/wp-content\/uploads\/2023\/07\/Speiseteller_Avenue_Dm265_Hf3546-292x300.jpg 292w, https:\/\/shop.mira-fleur.de\/wp-content\/uploads\/2023\/07\/Speiseteller_Avenue_Dm265_Hf3546-300x308.jpg 300w, https:\/\/shop.mira-fleur.de\/wp-content\/uploads\/2023\/07\/Speiseteller_Avenue_Dm265_Hf3546.jpg 389w\" sizes=\"(max-width: 292px) 100vw, 292px\" \/><img decoding=\"async\" class=\"alignnone size-medium wp-image-202\" src=\"https:\/\/shop.mira-fleur.de\/wp-content\/uploads\/2023\/07\/Teller_Avenue_Beipielbild_35462-300x300.jpg\" alt=\"\" width=\"300\" height=\"300\" srcset=\"https:\/\/shop.mira-fleur.de\/wp-content\/uploads\/2023\/07\/Teller_Avenue_Beipielbild_35462-300x300.jpg 300w, https:\/\/shop.mira-fleur.de\/wp-content\/uploads\/2023\/07\/Teller_Avenue_Beipielbild_35462-100x100.jpg 100w, https:\/\/shop.mira-fleur.de\/wp-content\/uploads\/2023\/07\/Teller_Avenue_Beipielbild_35462-600x600.jpg 600w, https:\/\/shop.mira-fleur.de\/wp-content\/uploads\/2023\/07\/Teller_Avenue_Beipielbild_35462-150x150.jpg 150w, https:\/\/shop.mira-fleur.de\/wp-content\/uploads\/2023\/07\/Teller_Avenue_Beipielbild_35462-768x768.jpg 768w, https:\/\/shop.mira-fleur.de\/wp-content\/uploads\/2023\/07\/Teller_Avenue_Beipielbild_35462.jpg 800w\" sizes=\"(max-width: 300px) 100vw, 300px\" \/><\/p>\n<p>Speiseteller Avenue schwarz wei\u00df<\/p>\n<p>Durchmesser 26,5 cm<\/p>\n<p>Einzelpreis 29,95 \u20ac<\/p>\n<p>2er Set (weitere St\u00fcckzahlen gerne aus Anfrage)<\/p>\n<p>Artikel Nr hf3546<\/p>\n<p>&nbsp;<\/p>\n","protected":false},"excerpt":{"rendered":"<h4>Speiseteller Avenue schwarz wei\u00df<\/h4>\n<h4>Durchmesser 26,5 cm<\/h4>\n<h4><strong>Einzelpreis 26,95 \u20ac<\/strong><\/h4>\n<h4>2er Set (weitere St\u00fcckzahlen gerne aus Anfrage)<\/h4>\n<h4>Artikel Nr hf3546<\/h4>\n<p>&nbsp;<\/p>\n<h6>UNSERE KLEINODE SIND HANDWERKLICH HERGESTELLT, UND SOMIT K\u00d6NNEN DIE GELIEFERTEN ARTIKEL MINIMAL IN FARBE UND GR\u00d6SSE VARIIEREN<\/h6>\n<h6>MINIMALE ABWEICHUNGEN SIND EIN QUALIT\u00c4TSMERKMAL, UND STELLEN KEINEN MANGEL DA.<\/h6>\n<h6><\/h6>\n<h6>F\u00dcR R\u00dcCKFRAGEN STEHEN WIR JEDERZEIT ZUR VERF\u00dcGUNG; GERNE PERS\u00d6NLICH, ODER AUCH AM TELEFON.<\/h6>\n","protected":false},"featured_media":178,"template":"","meta":[],"product_brand":[],"product_cat":[48,60,47,99],"product_tag":[41,40,52,64,62,63,61,50,65],"class_list":{"0":"post-175","1":"product","2":"type-product","3":"status-publish","4":"has-post-thumbnail","6":"product_cat-fine-dining","7":"product_cat-teller","8":"product_cat-tischkultur","9":"product_cat-verpackungseiheit_2","10":"product_tag-gift","11":"product_tag-living","12":"product_tag-schoener-leben","13":"product_tag-schwarz","14":"product_tag-speise","15":"product_tag-speiseteller","16":"product_tag-teller","17":"product_tag-tisckultur","18":"product_tag-weiss","19":"product_shipping_class-kleine-pakete","21":"first","22":"outofstock","23":"taxable","24":"shipping-taxable","25":"purchasable","26":"product-type-simple"},"_links":{"self":[{"href":"https:\/\/shop.mira-fleur.de\/shop\/wp-json\/wp\/v2\/product\/175","targetHints":{"allow":["GET"]}}],"collection":[{"href":"https:\/\/shop.mira-fleur.de\/shop\/wp-json\/wp\/v2\/product"}],"about":[{"href":"https:\/\/shop.mira-fleur.de\/shop\/wp-json\/wp\/v2\/types\/product"}],"wp:featuredmedia":[{"embeddable":true,"href":"https:\/\/shop.mira-fleur.de\/shop\/wp-json\/wp\/v2\/media\/178"}],"wp:attachment":[{"href":"https:\/\/shop.mira-fleur.de\/shop\/wp-json\/wp\/v2\/media?parent=175"}],"wp:term":[{"taxonomy":"product_brand","embeddable":true,"href":"https:\/\/shop.mira-fleur.de\/shop\/wp-json\/wp\/v2\/product_brand?post=175"},{"taxonomy":"product_cat","embeddable":true,"href":"https:\/\/shop.mira-fleur.de\/shop\/wp-json\/wp\/v2\/product_cat?post=175"},{"taxonomy":"product_tag","embeddable":true,"href":"https:\/\/shop.mira-fleur.de\/shop\/wp-json\/wp\/v2\/product_tag?post=175"}],"curies":[{"name":"wp","href":"https:\/\/api.w.org\/{rel}","templated":true}]}}