{"id":171,"date":"2023-07-01T17:48:56","date_gmt":"2023-07-01T15:48:56","guid":{"rendered":"https:\/\/shop.mira-fleur.de\/?post_type=product&#038;p=171"},"modified":"2023-08-02T23:52:30","modified_gmt":"2023-08-02T21:52:30","slug":"wasserglas-goldrand","status":"publish","type":"product","link":"https:\/\/shop.mira-fleur.de\/shop\/produkt\/wasserglas-goldrand\/","title":{"rendered":"Wasserglas Goldrand"},"content":{"rendered":"<p><img decoding=\"async\" class=\"alignnone size-medium wp-image-172\" src=\"https:\/\/shop.mira-fleur.de\/wp-content\/uploads\/2023\/07\/WasserGlas_Goldrand_H22_Kh777176638-161x300.jpg\" alt=\"\" width=\"161\" height=\"300\" srcset=\"https:\/\/shop.mira-fleur.de\/wp-content\/uploads\/2023\/07\/WasserGlas_Goldrand_H22_Kh777176638-161x300.jpg 161w, https:\/\/shop.mira-fleur.de\/wp-content\/uploads\/2023\/07\/WasserGlas_Goldrand_H22_Kh777176638.jpg 188w\" sizes=\"(max-width: 161px) 100vw, 161px\" \/><img fetchpriority=\"high\" decoding=\"async\" class=\"alignnone size-medium wp-image-151\" src=\"https:\/\/shop.mira-fleur.de\/wp-content\/uploads\/2023\/06\/Sekt_ProsseccoGlas_Goldrand_Bild2-300x221.jpg\" alt=\"\" width=\"300\" height=\"221\" srcset=\"https:\/\/shop.mira-fleur.de\/wp-content\/uploads\/2023\/06\/Sekt_ProsseccoGlas_Goldrand_Bild2-300x221.jpg 300w, https:\/\/shop.mira-fleur.de\/wp-content\/uploads\/2023\/06\/Sekt_ProsseccoGlas_Goldrand_Bild2-600x442.jpg 600w, https:\/\/shop.mira-fleur.de\/wp-content\/uploads\/2023\/06\/Sekt_ProsseccoGlas_Goldrand_Bild2-768x565.jpg 768w, https:\/\/shop.mira-fleur.de\/wp-content\/uploads\/2023\/06\/Sekt_ProsseccoGlas_Goldrand_Bild2.jpg 800w\" sizes=\"(max-width: 300px) 100vw, 300px\" \/><\/p>\n<p>Wasserglas GOLDRAND<\/p>\n<p>H\u00f6he 22 cm<\/p>\n<p>Einzelpreis 24,95 \u20ac<\/p>\n<p>VE 6 (weitere St\u00fcckzahlen gern auf Anfrage)<\/p>\n<p>Artikel Nr Kh777176638<\/p>\n","protected":false},"excerpt":{"rendered":"<h4>Wasserglas GOLDRAND<\/h4>\n<h4>H\u00f6he 22 cm<\/h4>\n<h4><strong>Einzelpreis 24,95 \u20ac<\/strong><\/h4>\n<h4>VE 6 (weitere St\u00fcckzahlen gern auf Anfrage)<\/h4>\n<h4>Artikel Nr Kh777176638<\/h4>\n<h6><\/h6>\n<h6>UNSERE KLEINODE SIND HANDWERKLICH HERGESTELLT, UND SOMIT K\u00d6NNEN DIE GELIEFERTEN ARTIKEL MINIMAL IN FARBE UND GR\u00d6SSE VARIIEREN<\/h6>\n<h6>MINIMALE ABWEICHUNGEN SIND EIN QUALIT\u00c4TSMERKMAL, UND STELLEN KEINEN MANGEL DA.<\/h6>\n<h6><\/h6>\n<h6>F\u00dcR R\u00dcCKFRAGEN STEHEN WIR JEDERZEIT ZUR VERF\u00dcGUNG; GERNE PERS\u00d6NLICH, ODER AUCH AM TELEFON.<\/h6>\n","protected":false},"featured_media":172,"template":"","meta":[],"product_brand":[],"product_cat":[48,25,47,98],"product_tag":[51,41,34,55,40,52,50,59],"class_list":{"0":"post-171","1":"product","2":"type-product","3":"status-publish","4":"has-post-thumbnail","6":"product_cat-fine-dining","7":"product_cat-glas","8":"product_cat-tischkultur","9":"product_cat-verpackungseinheit_6","10":"product_tag-edle-trinkgefaesse","11":"product_tag-gift","12":"product_tag-glas","13":"product_tag-gold","14":"product_tag-living","15":"product_tag-schoener-leben","16":"product_tag-tisckultur","17":"product_tag-wasser","18":"product_shipping_class-mittlere-pakete","20":"first","21":"instock","22":"taxable","23":"shipping-taxable","24":"purchasable","25":"product-type-simple"},"_links":{"self":[{"href":"https:\/\/shop.mira-fleur.de\/shop\/wp-json\/wp\/v2\/product\/171","targetHints":{"allow":["GET"]}}],"collection":[{"href":"https:\/\/shop.mira-fleur.de\/shop\/wp-json\/wp\/v2\/product"}],"about":[{"href":"https:\/\/shop.mira-fleur.de\/shop\/wp-json\/wp\/v2\/types\/product"}],"wp:featuredmedia":[{"embeddable":true,"href":"https:\/\/shop.mira-fleur.de\/shop\/wp-json\/wp\/v2\/media\/172"}],"wp:attachment":[{"href":"https:\/\/shop.mira-fleur.de\/shop\/wp-json\/wp\/v2\/media?parent=171"}],"wp:term":[{"taxonomy":"product_brand","embeddable":true,"href":"https:\/\/shop.mira-fleur.de\/shop\/wp-json\/wp\/v2\/product_brand?post=171"},{"taxonomy":"product_cat","embeddable":true,"href":"https:\/\/shop.mira-fleur.de\/shop\/wp-json\/wp\/v2\/product_cat?post=171"},{"taxonomy":"product_tag","embeddable":true,"href":"https:\/\/shop.mira-fleur.de\/shop\/wp-json\/wp\/v2\/product_tag?post=171"}],"curies":[{"name":"wp","href":"https:\/\/api.w.org\/{rel}","templated":true}]}}