{"id":17,"date":"2023-04-02T00:35:38","date_gmt":"2023-04-01T22:35:38","guid":{"rendered":"https:\/\/shop.mira-fleur.de\/produkt\/hoodie-with-logo\/"},"modified":"2024-05-23T13:50:58","modified_gmt":"2024-05-23T11:50:58","slug":"hoodie-with-logo","status":"publish","type":"product","link":"https:\/\/shop.mira-fleur.de\/shop\/produkt\/hoodie-with-logo\/","title":{"rendered":"Fleckenvase gr\u00fcn"},"content":{"rendered":"<p><img fetchpriority=\"high\" decoding=\"async\" class=\"alignnone size-medium wp-image-19\" src=\"https:\/\/shop.mira-fleur.de\/wp-content\/uploads\/2023\/04\/Fleckenvasen_gruen_D19H21cm_95920-300x300.jpg\" alt=\"\" width=\"300\" height=\"300\" srcset=\"https:\/\/shop.mira-fleur.de\/wp-content\/uploads\/2023\/04\/Fleckenvasen_gruen_D19H21cm_95920-300x300.jpg 300w, https:\/\/shop.mira-fleur.de\/wp-content\/uploads\/2023\/04\/Fleckenvasen_gruen_D19H21cm_95920-100x100.jpg 100w, https:\/\/shop.mira-fleur.de\/wp-content\/uploads\/2023\/04\/Fleckenvasen_gruen_D19H21cm_95920-600x600.jpg 600w, https:\/\/shop.mira-fleur.de\/wp-content\/uploads\/2023\/04\/Fleckenvasen_gruen_D19H21cm_95920-150x150.jpg 150w, https:\/\/shop.mira-fleur.de\/wp-content\/uploads\/2023\/04\/Fleckenvasen_gruen_D19H21cm_95920-768x768.jpg 768w, https:\/\/shop.mira-fleur.de\/wp-content\/uploads\/2023\/04\/Fleckenvasen_gruen_D19H21cm_95920.jpg 800w\" sizes=\"(max-width: 300px) 100vw, 300px\" \/><\/p>\n<p>Glas-Vase mit gr\u00fcnen Flecken<\/p>\n<p>Durchmesser 19 cm<\/p>\n<p>H\u00f6he 21 cm<\/p>\n<p>Artikel Nr. Kl95920<\/p>\n","protected":false},"excerpt":{"rendered":"<h4>Glas-Vase mit gr\u00fcnen Flecken<\/h4>\n<h4>Durchmesser 19 cm<\/h4>\n<h4>H\u00f6he 21 cm<\/h4>\n<h4>Artikel Nr.Kl 95920<\/h4>\n<p>&nbsp;<\/p>\n<h6>Unsere Kleinode sind handwerklich hergestellt, und somit k\u00f6nnen die gelieferten Artikel minimal in Farbe und Gr\u00f6\u00dfe variieren.<\/h6>\n<h6>Minimale Abweichungen sind ein Qualit\u00e4tsmerkmal, und stellen keinen Mangel da.<\/h6>\n<h6><\/h6>\n<h6>F\u00fcr R\u00fcckfragen stehen wir jederzeit zur Verf\u00fcgung; gerne pers\u00f6nlich, oder auch am Telefon.<\/h6>\n","protected":false},"featured_media":19,"template":"","meta":[],"product_brand":[],"product_cat":[25,27,70],"product_tag":[38,36,37,41,34,39,40,35],"class_list":{"0":"post-17","1":"product","2":"type-product","3":"status-publish","4":"has-post-thumbnail","6":"product_cat-glas","7":"product_cat-indoor","8":"product_cat-vasen","9":"product_tag-accessoires","10":"product_tag-blumen","11":"product_tag-dekoration","12":"product_tag-gift","13":"product_tag-glas","14":"product_tag-indoor","15":"product_tag-living","16":"product_tag-vase","17":"product_shipping_class-kleine-pakete","18":"pa_color-blue","20":"first","21":"instock","22":"purchasable","23":"product-type-simple"},"_links":{"self":[{"href":"https:\/\/shop.mira-fleur.de\/shop\/wp-json\/wp\/v2\/product\/17","targetHints":{"allow":["GET"]}}],"collection":[{"href":"https:\/\/shop.mira-fleur.de\/shop\/wp-json\/wp\/v2\/product"}],"about":[{"href":"https:\/\/shop.mira-fleur.de\/shop\/wp-json\/wp\/v2\/types\/product"}],"wp:featuredmedia":[{"embeddable":true,"href":"https:\/\/shop.mira-fleur.de\/shop\/wp-json\/wp\/v2\/media\/19"}],"wp:attachment":[{"href":"https:\/\/shop.mira-fleur.de\/shop\/wp-json\/wp\/v2\/media?parent=17"}],"wp:term":[{"taxonomy":"product_brand","embeddable":true,"href":"https:\/\/shop.mira-fleur.de\/shop\/wp-json\/wp\/v2\/product_brand?post=17"},{"taxonomy":"product_cat","embeddable":true,"href":"https:\/\/shop.mira-fleur.de\/shop\/wp-json\/wp\/v2\/product_cat?post=17"},{"taxonomy":"product_tag","embeddable":true,"href":"https:\/\/shop.mira-fleur.de\/shop\/wp-json\/wp\/v2\/product_tag?post=17"}],"curies":[{"name":"wp","href":"https:\/\/api.w.org\/{rel}","templated":true}]}}