{"id":166,"date":"2023-07-01T17:23:46","date_gmt":"2023-07-01T15:23:46","guid":{"rendered":"https:\/\/shop.mira-fleur.de\/?post_type=product&#038;p=166"},"modified":"2023-08-02T17:49:44","modified_gmt":"2023-08-02T15:49:44","slug":"weinglas-silber-glaenzend","status":"publish","type":"product","link":"https:\/\/shop.mira-fleur.de\/shop\/produkt\/weinglas-silber-glaenzend\/","title":{"rendered":"Weinglas Silber gl\u00e4nzend"},"content":{"rendered":"<p><img fetchpriority=\"high\" decoding=\"async\" class=\"alignnone size-medium wp-image-179\" src=\"https:\/\/shop.mira-fleur.de\/wp-content\/uploads\/2023\/07\/Weinglas_Siber_gl\u201enzend_Dm7_H245_450ml_Hf1976-292x300.jpg\" alt=\"\" width=\"292\" height=\"300\" srcset=\"https:\/\/shop.mira-fleur.de\/wp-content\/uploads\/2023\/07\/Weinglas_Siber_gl\u201enzend_Dm7_H245_450ml_Hf1976-292x300.jpg 292w, https:\/\/shop.mira-fleur.de\/wp-content\/uploads\/2023\/07\/Weinglas_Siber_gl\u201enzend_Dm7_H245_450ml_Hf1976-300x309.jpg 300w, https:\/\/shop.mira-fleur.de\/wp-content\/uploads\/2023\/07\/Weinglas_Siber_gl\u201enzend_Dm7_H245_450ml_Hf1976.jpg 350w\" sizes=\"(max-width: 292px) 100vw, 292px\" \/><\/p>\n<p>Weinglas SILBER gl\u00e4nzend<\/p>\n<p>Durchmesser 7cm<\/p>\n<p>H\u00f6he 24,5 cm<\/p>\n<p>Inhalt 450 ml<\/p>\n<p>Solange Vorrat reicht auch einzeln , danach Minimum VE 6.<\/p>\n<p>VE 6 (weitere St\u00fcckzahlen gern auf Anfrage)<\/p>\n<p>Artikel Nr Hf1976<\/p>\n","protected":false},"excerpt":{"rendered":"<h4>Weinglas SILBER gl\u00e4nzend<\/h4>\n<h4>Durchmesser 7cm<\/h4>\n<h4>H\u00f6he 24,5 cm<\/h4>\n<h4>Inhalt 450 ml<\/h4>\n<h4><strong>Solange Vorrat reicht auch einzeln , danach Minimum VE 6.<\/strong><\/h4>\n<h4>VE 6 (weitere St\u00fcckzahlen gern auf Anfrage)<\/h4>\n<h4>Artikel Nr Hf1976<\/h4>\n<p>&nbsp;<\/p>\n<h6>UNSERE KLEINODE SIND HANDWERKLICH HERGESTELLT, UND SOMIT K\u00d6NNEN DIE GELIEFERTEN ARTIKEL MINIMAL IN FARBE UND GR\u00d6SSE VARIIEREN<\/h6>\n<h6>MINIMALE ABWEICHUNGEN SIND EIN QUALIT\u00c4TSMERKMAL, UND STELLEN KEINEN MANGEL DA.<\/h6>\n<h6><\/h6>\n<h6>F\u00dcR R\u00dcCKFRAGEN STEHEN WIR JEDERZEIT ZUR VERF\u00dcGUNG; GERNE PERS\u00d6NLICH, ODER AUCH AM TELEFON.<\/h6>\n","protected":false},"featured_media":179,"template":"","meta":[],"product_brand":[],"product_cat":[48,25,47,98],"product_tag":[51,41,34,40,53,52,58,50,54,57],"class_list":{"0":"post-166","1":"product","2":"type-product","3":"status-publish","4":"has-post-thumbnail","6":"product_cat-fine-dining","7":"product_cat-glas","8":"product_cat-tischkultur","9":"product_cat-verpackungseinheit_6","10":"product_tag-edle-trinkgefaesse","11":"product_tag-gift","12":"product_tag-glas","13":"product_tag-living","14":"product_tag-rotwein","15":"product_tag-schoener-leben","16":"product_tag-silber","17":"product_tag-tisckultur","18":"product_tag-wein","19":"product_tag-weisswein","20":"product_shipping_class-kleine-pakete","22":"first","23":"instock","24":"taxable","25":"shipping-taxable","26":"purchasable","27":"product-type-simple"},"_links":{"self":[{"href":"https:\/\/shop.mira-fleur.de\/shop\/wp-json\/wp\/v2\/product\/166","targetHints":{"allow":["GET"]}}],"collection":[{"href":"https:\/\/shop.mira-fleur.de\/shop\/wp-json\/wp\/v2\/product"}],"about":[{"href":"https:\/\/shop.mira-fleur.de\/shop\/wp-json\/wp\/v2\/types\/product"}],"wp:featuredmedia":[{"embeddable":true,"href":"https:\/\/shop.mira-fleur.de\/shop\/wp-json\/wp\/v2\/media\/179"}],"wp:attachment":[{"href":"https:\/\/shop.mira-fleur.de\/shop\/wp-json\/wp\/v2\/media?parent=166"}],"wp:term":[{"taxonomy":"product_brand","embeddable":true,"href":"https:\/\/shop.mira-fleur.de\/shop\/wp-json\/wp\/v2\/product_brand?post=166"},{"taxonomy":"product_cat","embeddable":true,"href":"https:\/\/shop.mira-fleur.de\/shop\/wp-json\/wp\/v2\/product_cat?post=166"},{"taxonomy":"product_tag","embeddable":true,"href":"https:\/\/shop.mira-fleur.de\/shop\/wp-json\/wp\/v2\/product_tag?post=166"}],"curies":[{"name":"wp","href":"https:\/\/api.w.org\/{rel}","templated":true}]}}