{"id":131,"date":"2023-06-24T18:16:35","date_gmt":"2023-06-24T16:16:35","guid":{"rendered":"https:\/\/shop.mira-fleur.de\/?post_type=product&#038;p=131"},"modified":"2023-08-01T14:40:28","modified_gmt":"2023-08-01T12:40:28","slug":"kuebel-jade-gruen-2er-satz","status":"publish","type":"product","link":"https:\/\/shop.mira-fleur.de\/shop\/produkt\/kuebel-jade-gruen-2er-satz\/","title":{"rendered":"K\u00fcbel Jade Gr\u00fcn 2er Satz"},"content":{"rendered":"<p><img fetchpriority=\"high\" decoding=\"async\" class=\"alignnone size-medium wp-image-132\" src=\"https:\/\/shop.mira-fleur.de\/wp-content\/uploads\/2023\/06\/K\ufffdbel_D56-36cm_2er_Satz_jade_gr\ufffdn_KL62449-300x300.jpg\" alt=\"\" width=\"300\" height=\"300\" srcset=\"https:\/\/shop.mira-fleur.de\/wp-content\/uploads\/2023\/06\/K\ufffdbel_D56-36cm_2er_Satz_jade_gr\ufffdn_KL62449-300x300.jpg 300w, https:\/\/shop.mira-fleur.de\/wp-content\/uploads\/2023\/06\/K\ufffdbel_D56-36cm_2er_Satz_jade_gr\ufffdn_KL62449-100x100.jpg 100w, https:\/\/shop.mira-fleur.de\/wp-content\/uploads\/2023\/06\/K\ufffdbel_D56-36cm_2er_Satz_jade_gr\ufffdn_KL62449-600x600.jpg 600w, https:\/\/shop.mira-fleur.de\/wp-content\/uploads\/2023\/06\/K\ufffdbel_D56-36cm_2er_Satz_jade_gr\ufffdn_KL62449-150x150.jpg 150w, https:\/\/shop.mira-fleur.de\/wp-content\/uploads\/2023\/06\/K\ufffdbel_D56-36cm_2er_Satz_jade_gr\ufffdn_KL62449-768x768.jpg 768w, https:\/\/shop.mira-fleur.de\/wp-content\/uploads\/2023\/06\/K\ufffdbel_D56-36cm_2er_Satz_jade_gr\ufffdn_KL62449.jpg 800w\" sizes=\"(max-width: 300px) 100vw, 300px\" \/><\/p>\n<p>K\u00fcbel 2er Satz Jade Gr\u00fcn<\/p>\n<p>Durchmesser 36 &#8211; 56 cm<\/p>\n<p>Artikel Nr. KL62449<\/p>\n","protected":false},"excerpt":{"rendered":"<h4>K\u00fcbel 2er Satz Jade Gr\u00fcn<\/h4>\n<h4>Durchmesser 36 &#8211; 56 cm<\/h4>\n<h4>Artikel Nr. KL62449<\/h4>\n<p>&nbsp;<\/p>\n<div class=\"woocommerce-product-details__short-description\">\n<h6>UNSERE KLEINODE SIND HANDWERKLICH HERGESTELLT, UND SOMIT K\u00d6NNEN DIE GELIEFERTEN ARTIKEL MINIMAL IN FARBE UND GR\u00d6SSE VARIIEREN<\/h6>\n<h6>MINIMALE ABWEICHUNGEN SIND EIN QUALIT\u00c4TSMERKMAL, UND STELLEN KEINEN MANGEL DA.<\/h6>\n<h6><\/h6>\n<h6>F\u00dcR R\u00dcCKFRAGEN STEHEN WIR JEDERZEIT ZUR VERF\u00dcGUNG; GERNE PERS\u00d6NLICH, ODER AUCH AM TELEFON.<\/h6>\n<\/div>\n","protected":false},"featured_media":132,"template":"","meta":[],"product_brand":[],"product_cat":[26,43,42],"product_tag":[38,36,37,41,40,44,45,46],"class_list":{"0":"post-131","1":"product","2":"type-product","3":"status-publish","4":"has-post-thumbnail","6":"product_cat-outdoor","7":"product_cat-pflanzgefaesse","8":"product_cat-steingut","9":"product_tag-accessoires","10":"product_tag-blumen","11":"product_tag-dekoration","12":"product_tag-gift","13":"product_tag-living","14":"product_tag-outdoor","15":"product_tag-pflanzgefaess","16":"product_tag-terrakotta","17":"product_shipping_class-palette-spedition","19":"first","20":"instock","21":"taxable","22":"shipping-taxable","23":"purchasable","24":"product-type-simple"},"_links":{"self":[{"href":"https:\/\/shop.mira-fleur.de\/shop\/wp-json\/wp\/v2\/product\/131","targetHints":{"allow":["GET"]}}],"collection":[{"href":"https:\/\/shop.mira-fleur.de\/shop\/wp-json\/wp\/v2\/product"}],"about":[{"href":"https:\/\/shop.mira-fleur.de\/shop\/wp-json\/wp\/v2\/types\/product"}],"wp:featuredmedia":[{"embeddable":true,"href":"https:\/\/shop.mira-fleur.de\/shop\/wp-json\/wp\/v2\/media\/132"}],"wp:attachment":[{"href":"https:\/\/shop.mira-fleur.de\/shop\/wp-json\/wp\/v2\/media?parent=131"}],"wp:term":[{"taxonomy":"product_brand","embeddable":true,"href":"https:\/\/shop.mira-fleur.de\/shop\/wp-json\/wp\/v2\/product_brand?post=131"},{"taxonomy":"product_cat","embeddable":true,"href":"https:\/\/shop.mira-fleur.de\/shop\/wp-json\/wp\/v2\/product_cat?post=131"},{"taxonomy":"product_tag","embeddable":true,"href":"https:\/\/shop.mira-fleur.de\/shop\/wp-json\/wp\/v2\/product_tag?post=131"}],"curies":[{"name":"wp","href":"https:\/\/api.w.org\/{rel}","templated":true}]}}