{"id":127,"date":"2023-06-24T18:00:51","date_gmt":"2023-06-24T16:00:51","guid":{"rendered":"https:\/\/shop.mira-fleur.de\/?post_type=product&#038;p=127"},"modified":"2023-08-01T14:34:11","modified_gmt":"2023-08-01T12:34:11","slug":"amphore-sand-weiss-2er-satz","status":"publish","type":"product","link":"https:\/\/shop.mira-fleur.de\/shop\/produkt\/amphore-sand-weiss-2er-satz\/","title":{"rendered":"Amphore Sand Wei\u00df 2er Satz"},"content":{"rendered":"<p><img fetchpriority=\"high\" decoding=\"async\" class=\"alignnone size-medium wp-image-128\" src=\"https:\/\/shop.mira-fleur.de\/wp-content\/uploads\/2023\/06\/Amphore_H54-31cm_2er_Satz_sand_weia_KL42809-300x300.jpg\" alt=\"\" width=\"300\" height=\"300\" srcset=\"https:\/\/shop.mira-fleur.de\/wp-content\/uploads\/2023\/06\/Amphore_H54-31cm_2er_Satz_sand_weia_KL42809-300x300.jpg 300w, https:\/\/shop.mira-fleur.de\/wp-content\/uploads\/2023\/06\/Amphore_H54-31cm_2er_Satz_sand_weia_KL42809-100x100.jpg 100w, https:\/\/shop.mira-fleur.de\/wp-content\/uploads\/2023\/06\/Amphore_H54-31cm_2er_Satz_sand_weia_KL42809-600x600.jpg 600w, https:\/\/shop.mira-fleur.de\/wp-content\/uploads\/2023\/06\/Amphore_H54-31cm_2er_Satz_sand_weia_KL42809-150x150.jpg 150w, https:\/\/shop.mira-fleur.de\/wp-content\/uploads\/2023\/06\/Amphore_H54-31cm_2er_Satz_sand_weia_KL42809-768x768.jpg 768w, https:\/\/shop.mira-fleur.de\/wp-content\/uploads\/2023\/06\/Amphore_H54-31cm_2er_Satz_sand_weia_KL42809.jpg 800w\" sizes=\"(max-width: 300px) 100vw, 300px\" \/><\/p>\n<p>Amphore 2er Satz Sand Wei\u00df<\/p>\n<p>H\u00f6he 31 &#8211; 54 cm<\/p>\n<p>Artikel Nr. KL42809<\/p>\n","protected":false},"excerpt":{"rendered":"<h4>Amphore 2er Satz Sand Wei\u00df<\/h4>\n<h4>H\u00f6he 31 &#8211; 54 cm<\/h4>\n<h4>Artikel Nr. KL4280<\/h4>\n<h6><\/h6>\n<h6>UNSERE KLEINODE SIND HANDWERKLICH HERGESTELLT, UND SOMIT K\u00d6NNEN DIE GELIEFERTEN ARTIKEL MINIMAL IN FARBE UND GR\u00d6SSE VARIIEREN<\/h6>\n<h6>MINIMALE ABWEICHUNGEN SIND EIN QUALIT\u00c4TSMERKMAL, UND STELLEN KEINEN MANGEL DA.<\/h6>\n<h6><\/h6>\n<h6>F\u00dcR R\u00dcCKFRAGEN STEHEN WIR JEDERZEIT ZUR VERF\u00dcGUNG; GERNE PERS\u00d6NLICH, ODER AUCH AM TELEFON.<\/h6>\n","protected":false},"featured_media":128,"template":"","meta":[],"product_brand":[],"product_cat":[26,43,42],"product_tag":[38,37,41,40,44,45,46],"class_list":{"0":"post-127","1":"product","2":"type-product","3":"status-publish","4":"has-post-thumbnail","6":"product_cat-outdoor","7":"product_cat-pflanzgefaesse","8":"product_cat-steingut","9":"product_tag-accessoires","10":"product_tag-dekoration","11":"product_tag-gift","12":"product_tag-living","13":"product_tag-outdoor","14":"product_tag-pflanzgefaess","15":"product_tag-terrakotta","16":"product_shipping_class-palette-spedition","18":"first","19":"instock","20":"taxable","21":"shipping-taxable","22":"purchasable","23":"product-type-simple"},"_links":{"self":[{"href":"https:\/\/shop.mira-fleur.de\/shop\/wp-json\/wp\/v2\/product\/127","targetHints":{"allow":["GET"]}}],"collection":[{"href":"https:\/\/shop.mira-fleur.de\/shop\/wp-json\/wp\/v2\/product"}],"about":[{"href":"https:\/\/shop.mira-fleur.de\/shop\/wp-json\/wp\/v2\/types\/product"}],"wp:featuredmedia":[{"embeddable":true,"href":"https:\/\/shop.mira-fleur.de\/shop\/wp-json\/wp\/v2\/media\/128"}],"wp:attachment":[{"href":"https:\/\/shop.mira-fleur.de\/shop\/wp-json\/wp\/v2\/media?parent=127"}],"wp:term":[{"taxonomy":"product_brand","embeddable":true,"href":"https:\/\/shop.mira-fleur.de\/shop\/wp-json\/wp\/v2\/product_brand?post=127"},{"taxonomy":"product_cat","embeddable":true,"href":"https:\/\/shop.mira-fleur.de\/shop\/wp-json\/wp\/v2\/product_cat?post=127"},{"taxonomy":"product_tag","embeddable":true,"href":"https:\/\/shop.mira-fleur.de\/shop\/wp-json\/wp\/v2\/product_tag?post=127"}],"curies":[{"name":"wp","href":"https:\/\/api.w.org\/{rel}","templated":true}]}}