{"id":120,"date":"2023-06-24T16:28:15","date_gmt":"2023-06-24T14:28:15","guid":{"rendered":"https:\/\/shop.mira-fleur.de\/?post_type=product&#038;p=120"},"modified":"2023-08-01T14:45:46","modified_gmt":"2023-08-01T12:45:46","slug":"amphore-terrakotta-antik","status":"publish","type":"product","link":"https:\/\/shop.mira-fleur.de\/shop\/produkt\/amphore-terrakotta-antik\/","title":{"rendered":"Amphore Terrakotta Antik Gr\u00f6\u00dfe M"},"content":{"rendered":"<p><img fetchpriority=\"high\" decoding=\"async\" class=\"alignnone size-medium wp-image-121\" src=\"https:\/\/shop.mira-fleur.de\/wp-content\/uploads\/2023\/06\/Amphore_D41cmH38cm_antikterra_KL55222-300x300.jpg\" alt=\"\" width=\"300\" height=\"300\" srcset=\"https:\/\/shop.mira-fleur.de\/wp-content\/uploads\/2023\/06\/Amphore_D41cmH38cm_antikterra_KL55222-300x300.jpg 300w, https:\/\/shop.mira-fleur.de\/wp-content\/uploads\/2023\/06\/Amphore_D41cmH38cm_antikterra_KL55222-100x100.jpg 100w, https:\/\/shop.mira-fleur.de\/wp-content\/uploads\/2023\/06\/Amphore_D41cmH38cm_antikterra_KL55222-600x600.jpg 600w, https:\/\/shop.mira-fleur.de\/wp-content\/uploads\/2023\/06\/Amphore_D41cmH38cm_antikterra_KL55222-150x150.jpg 150w, https:\/\/shop.mira-fleur.de\/wp-content\/uploads\/2023\/06\/Amphore_D41cmH38cm_antikterra_KL55222-768x768.jpg 768w, https:\/\/shop.mira-fleur.de\/wp-content\/uploads\/2023\/06\/Amphore_D41cmH38cm_antikterra_KL55222.jpg 800w\" sizes=\"(max-width: 300px) 100vw, 300px\" \/><\/p>\n<p>Amphore Terrakotta Antik Optik<\/p>\n<p>Durchmesser 41 cm<\/p>\n<p>H\u00f6he 38 cm<\/p>\n<p>Artikel Nr. KL55222<\/p>\n","protected":false},"excerpt":{"rendered":"<h4>Amphore Terrakotta Antik Optik<\/h4>\n<h4>Durchmesser 41 cm<\/h4>\n<h4>H\u00f6he 38 cm<\/h4>\n<h4>Artikel Nr. KL55222<\/h4>\n<h4><\/h4>\n<h6>Unsere Kleinode sind handwerklich hergestellt, und somit k\u00f6nnen die gelieferten Artikel minimal in Farbe und Gr\u00f6\u00dfe variieren.<\/h6>\n<h6>Minimale Abweichungen sind ein Qualit\u00e4tsmerkmal, und stellen keinen Mangel da.<\/h6>\n<h6><\/h6>\n<h6>F\u00fcr R\u00fcckfragen stehen wir jederzeit zur Verf\u00fcgung; gerne pers\u00f6nlich, oder auch am Telefon.<\/h6>\n","protected":false},"featured_media":121,"template":"","meta":[],"product_brand":[],"product_cat":[26,43,42],"product_tag":[38,37,41,40,44,45,46],"class_list":{"0":"post-120","1":"product","2":"type-product","3":"status-publish","4":"has-post-thumbnail","6":"product_cat-outdoor","7":"product_cat-pflanzgefaesse","8":"product_cat-steingut","9":"product_tag-accessoires","10":"product_tag-dekoration","11":"product_tag-gift","12":"product_tag-living","13":"product_tag-outdoor","14":"product_tag-pflanzgefaess","15":"product_tag-terrakotta","16":"product_shipping_class-palette-spedition","18":"first","19":"instock","20":"taxable","21":"shipping-taxable","22":"purchasable","23":"product-type-simple"},"_links":{"self":[{"href":"https:\/\/shop.mira-fleur.de\/shop\/wp-json\/wp\/v2\/product\/120","targetHints":{"allow":["GET"]}}],"collection":[{"href":"https:\/\/shop.mira-fleur.de\/shop\/wp-json\/wp\/v2\/product"}],"about":[{"href":"https:\/\/shop.mira-fleur.de\/shop\/wp-json\/wp\/v2\/types\/product"}],"wp:featuredmedia":[{"embeddable":true,"href":"https:\/\/shop.mira-fleur.de\/shop\/wp-json\/wp\/v2\/media\/121"}],"wp:attachment":[{"href":"https:\/\/shop.mira-fleur.de\/shop\/wp-json\/wp\/v2\/media?parent=120"}],"wp:term":[{"taxonomy":"product_brand","embeddable":true,"href":"https:\/\/shop.mira-fleur.de\/shop\/wp-json\/wp\/v2\/product_brand?post=120"},{"taxonomy":"product_cat","embeddable":true,"href":"https:\/\/shop.mira-fleur.de\/shop\/wp-json\/wp\/v2\/product_cat?post=120"},{"taxonomy":"product_tag","embeddable":true,"href":"https:\/\/shop.mira-fleur.de\/shop\/wp-json\/wp\/v2\/product_tag?post=120"}],"curies":[{"name":"wp","href":"https:\/\/api.w.org\/{rel}","templated":true}]}}