{"id":15,"date":"2023-07-28T15:20:17","date_gmt":"2023-07-28T13:20:17","guid":{"rendered":"https:\/\/shop.mira-fleur.de\/?page_id=15"},"modified":"2024-05-04T16:08:30","modified_gmt":"2024-05-04T14:08:30","slug":"allgemeine-geschaeftsbedinungen","status":"publish","type":"page","link":"https:\/\/shop.mira-fleur.de\/shop\/allgemeine-geschaeftsbedinungen\/","title":{"rendered":"AGB"},"content":{"rendered":"\n<p><\/p>\n\n\n\n<p class=\"has-large-font-size\"><strong><em>BITTE Punkt 4.) und 4.1) zu Lieferungen und R\u00fccknahmen LESEN<\/em><\/strong><\/p>\n\n\n\n<p><strong>Allgemeine Gesch\u00e4ftsbedingungen<\/strong><\/p>\n\n\n\n<p>1.&nbsp;Geltungsbereich<\/p>\n\n\n\n<p>F\u00fcr alle Bestellungen \u00fcber unseren Online-Shop gelten die nachfolgenden AGB. Unser Online-Shop richtet sich ausschlie\u00dflich an Verbraucher.<\/p>\n\n\n\n<p>Verbraucher ist jede nat\u00fcrliche Person, die ein Rechtsgesch\u00e4ft zu Zwecken abschlie\u00dft, die \u00fcberwiegend weder ihrer gewerblichen noch ihrer selbst\u00e4ndigen beruflichen T\u00e4tigkeit zugerechnet werden k\u00f6nnen. Unternehmer ist eine nat\u00fcrliche oder juristische Person oder eine rechtsf\u00e4hige Personengesellschaft, die bei Abschluss eines Rechtsgesch\u00e4fts in Aus\u00fcbung ihrer gewerblichen oder selbst\u00e4ndigen beruflichen T\u00e4tigkeit handelt.<\/p>\n\n\n\n<p>2.&nbsp;Vertragspartner, Vertragsschluss, Korrekturm\u00f6glichkeiten<\/p>\n\n\n\n<p>Der Kaufvertrag kommt zustande mit &nbsp;mira-fleur&nbsp; (siehe Impressum)<\/p>\n\n\n\n<p>Mit Einstellung der Produkte in den Online-Shop geben wir ein verbindliches Angebot zum Vertragsschluss \u00fcber diese Artikel ab. Sie k\u00f6nnen unsere Produkte zun\u00e4chst unverbindlich in den Warenkorb legen und Ihre Eingaben vor Absenden Ihrer verbindlichen Bestellung jederzeit korrigieren, indem Sie die hierf\u00fcr im Bestellablauf vorgesehenen und erl\u00e4uterten Korrekturhilfen nutzen. Der Vertrag kommt zustande, indem Sie durch Anklicken des Bestellbuttons das Angebot \u00fcber die im Warenkorb enthaltenen Waren annehmen. Unmittelbar nach dem Absenden der Bestellung erhalten Sie noch einmal eine Best\u00e4tigung per E-Mail.<\/p>\n\n\n\n<p>3.&nbsp;Vertragssprache, Vertragstextspeicherung<\/p>\n\n\n\n<p>Die f\u00fcr den Vertragsschluss zur Verf\u00fcgung stehende Sprache: Deutsch<\/p>\n\n\n\n<p>4.&nbsp;Lieferbedingungen<\/p>\n\n\n\n<p>Zuz\u00fcglich zu den angegebenen Produktpreisen k\u00f6nnen noch Versandkosten anfallen. N\u00e4here Bestimmungen zu ggf. anfallenden Versandkosten erfahren Sie bei den Angeboten.<\/p>\n\n\n\n<p>Wir liefern im Versandweg&nbsp; grunds\u00e4tzlich mit DHL, Sie bekommen beim Versand eine Sendungsnummer; mit dieser Nummer k\u00f6nnen Sie den Versand&nbsp; verfolgen.<\/p>\n\n\n\n<p>&nbsp;Eine Selbstabholung der Ware &nbsp;in unserm Gesch\u00e4ft ist m\u00f6glich, und f\u00fcr ein CO2 neutraleren Transport auch gew\u00fcnscht. Nehmen Sie gerne Kontakt mit uns auf.<\/p>\n\n\n\n<p>4.1 R\u00fccksendungen<\/p>\n\n\n\n<p>Sie haben in &nbsp;unserem Shop ein zweiw\u00f6chiges gesetzliches Recht ab Kaufdatum die von Ihnen erworbenen Waren an uns zur\u00fcck zu senden.<\/p>\n\n\n\n<p>Wir k\u00f6nnen ausschlie\u00dflich den Kaufpreis erstatten, exklusiv der Versandkosten.<\/p>\n\n\n\n<p>Bitte verpacken Sie die Waren in die originalen Kartons mit dem entsprechenden Verpackungsmaterial. Versenden Sie die R\u00fccksendung als versichertes Paket&nbsp; , dessen Kosten Sie als Kunde zu tragen haben.<\/p>\n\n\n\n<p>F\u00fcr R\u00fccksendungen mit besch\u00e4digter Ware k\u00f6nnen wir leider den Kaufpreis &nbsp;nicht erstatten, bitte wenden Sie sich an die Versicherung des Transporteurs.<\/p>\n\n\n\n<p>&nbsp;Bitte habe sie daf\u00fcr Verst\u00e4ndnis, da wir die Kosten f\u00fcr diese R\u00fccksendungen nicht in den Preis der Waren einkalkuliert haben.<\/p>\n\n\n\n<p>5.&nbsp;Bezahlung<\/p>\n\n\n\n<p>In unserem Shop stehen Ihnen grunds\u00e4tzlich die folgenden Zahlungsarten zur Verf\u00fcgung:<\/p>\n\n\n\n<p><strong>Kreditkarte<\/strong><br>Im Bestellprozess geben Sie Ihre Kreditkartendaten an. Ihre Karte wird unmittelbar nach Abgabe der Bestellung belastet.<\/p>\n\n\n\n<p><strong>PayPal<\/strong><br>Um den Rechnungsbetrag \u00fcber den Zahlungsdienstleister PayPal (Europe) S.\u00e0 r.l. et Cie, S.C.A, 22-24 Boulevard Royal, L-2449 Luxembourg (\u201ePayPal\u201c) bezahlen zu k\u00f6nnen, m\u00fcssen Sie bei PayPal registriert sein, sich mit Ihren Zugangsdaten legitimieren und die Zahlungsanweisung best\u00e4tigen. Die Zahlungstransaktion wird durch PayPal unmittelbar nach Abgabe der Bestellung durchgef\u00fchrt. Weitere Hinweise erhalten Sie im Bestellvorgang.<\/p>\n\n\n\n<p>PayPal kann registrierten und nach eigenen Kriterien ausgew\u00e4hlten PayPal-Kunden weitere Zahlungsmodalit\u00e4ten im Kundenkonto anbieten. Auf das Anbieten dieser Modalit\u00e4ten haben wir allerdings keinen Einfluss; weitere individuell angebotene Zahlungsmodalit\u00e4ten betreffen Ihr Rechtsverh\u00e4ltnis mit PayPal. Weitere Informationen hierzu finden Sie in Ihrem PayPal-Konto.<\/p>\n\n\n\n<p><strong>paydirekt<\/strong><br>Um den Rechnungsbetrag \u00fcber paydirekt bezahlen zu k\u00f6nnen, m\u00fcssen Sie \u00fcber ein f\u00fcr Online-Banking freigeschaltetes Bankkonto verf\u00fcgen, bei paydirekt registriert sein, sich mit Ihren Zugangsdaten legitimieren und die Zahlungsanweisung best\u00e4tigen.<\/p>\n\n\n\n<p>6.&nbsp;Eigentumsvorbehalt\u200b\u200b\u200b\u200b\u200b\u200b\u200b<\/p>\n\n\n\n<p>Die Ware bleibt bis zur vollst\u00e4ndigen Bezahlung unser Eigentum.<\/p>\n\n\n\n<p>7.&nbsp;Gew\u00e4hrleistung und Garantien\u200b\u200b\u200b\u200b\u200b\u200b\u200b<\/p>\n\n\n\n<p>7.1&nbsp;M\u00e4ngelhaftungsrecht<\/p>\n\n\n\n<p>Es gilt das gesetzliche M\u00e4ngelhaftungsrecht.<\/p>\n\n\n\n<p>7.2&nbsp;Garantie \/ Gew\u00e4hrleistung<\/p>\n\n\n\n<p>Es gilt eine einj\u00e4hrige Garantie auf einen Gro\u00dfteil unserer Produkte bei sachgem\u00e4\u00dfer Anwendung.&nbsp; Zus\u00e4tzlich gew\u00e4hren wir auf einen weiteren Teil unserer Produkte eine weiteres Jahr Gew\u00e4hrleistung bei sachgem\u00e4\u00dfer Anwendung ab Kaufdatum.<\/p>\n\n\n\n<p>Sprechen Sie uns gerne auf Garantien und Gew\u00e4hrleistungen zu Ihrem Wunschprodukt an.<\/p>\n\n\n\n<p>8.&nbsp;Haftung\u200b\u200b\u200b\u200b\u200b\u200b\u200b<\/p>\n\n\n\n<p>F\u00fcr Anspr\u00fcche aufgrund von Sch\u00e4den, die durch uns, unsere gesetzlichen Vertreter oder Erf\u00fcllungsgehilfen verursacht wurden, haften wir stets unbeschr\u00e4nkt<\/p>\n\n\n\n<ul class=\"wp-block-list\">\n<li>bei Verletzung des Lebens, des K\u00f6rpers oder der Gesundheit,<\/li>\n\n\n\n<li>bei vors\u00e4tzlicher oder grob fahrl\u00e4ssiger Pflichtverletzung,<\/li>\n\n\n\n<li>bei Garantieversprechen, soweit vereinbart, oder<\/li>\n\n\n\n<li>soweit der Anwendungsbereich des Produkthaftungsgesetzes er\u00f6ffnet ist.<\/li>\n<\/ul>\n\n\n\n<p>Bei Verletzung wesentlicher Vertragspflichten, deren Erf\u00fcllung die ordnungsgem\u00e4\u00dfe Durchf\u00fchrung des Vertrages \u00fcberhaupt erst erm\u00f6glicht und auf deren Einhaltung der Vertragspartner regelm\u00e4\u00dfig vertrauen darf, (Kardinalpflichten) durch leichte Fahrl\u00e4ssigkeit von uns, unseren gesetzlichen Vertretern oder Erf\u00fcllungsgehilfen ist die Haftung der H\u00f6he nach auf den bei Vertragsschluss vorhersehbaren Schaden begrenzt, mit dessen Entstehung typischerweise gerechnet werden muss.<br>Im \u00dcbrigen sind Anspr\u00fcche auf Schadensersatz ausgeschlossen.<\/p>\n\n\n\n<p>9.&nbsp;Streitbeilegung\u200b\u200b\u200b\u200b\u200b\u200b\u200b<\/p>\n\n\n\n<p>Die Europ\u00e4ische Kommission stellt eine Plattform zur Online-Streitbeilegung (OS) bereit.. Zur Teilnahme an einem Streitbeilegungsverfahren vor einer Verbraucherschlichtungsstelle sind wir nicht verpflichtet und nicht bereit.<\/p>\n\n\n\n<p>Gerichtsstand&nbsp; ist Hannover.<\/p>\n\n\n\n<p>Bevor juristische Schritte n\u00f6tig sind sprechen Sie uns pers\u00f6nlich an; wir finden gemeinsam bestimmt eine f\u00fcr alle zufrieden stellende L\u00f6sung.<\/p>\n\n\n\n<p>Aktualisiert&nbsp; 31-07&#8211;2023<\/p>\n","protected":false},"excerpt":{"rendered":"<p>BITTE Punkt 4.) und 4.1) zu Lieferungen und R\u00fccknahmen LESEN Allgemeine Gesch\u00e4ftsbedingungen 1.&nbsp;Geltungsbereich F\u00fcr alle Bestellungen \u00fcber unseren Online-Shop gelten die nachfolgenden AGB. Unser Online-Shop richtet sich ausschlie\u00dflich an Verbraucher. Verbraucher ist jede nat\u00fcrliche Person, die ein Rechtsgesch\u00e4ft zu Zwecken abschlie\u00dft, die \u00fcberwiegend weder ihrer gewerblichen noch ihrer selbst\u00e4ndigen beruflichen T\u00e4tigkeit zugerechnet werden k\u00f6nnen. Unternehmer [&hellip;]<\/p>\n","protected":false},"author":1,"featured_media":0,"parent":0,"menu_order":0,"comment_status":"closed","ping_status":"closed","template":"","meta":{"footnotes":""},"class_list":["post-15","page","type-page","status-publish","hentry"],"blocksy_meta":[],"_links":{"self":[{"href":"https:\/\/shop.mira-fleur.de\/shop\/wp-json\/wp\/v2\/pages\/15","targetHints":{"allow":["GET"]}}],"collection":[{"href":"https:\/\/shop.mira-fleur.de\/shop\/wp-json\/wp\/v2\/pages"}],"about":[{"href":"https:\/\/shop.mira-fleur.de\/shop\/wp-json\/wp\/v2\/types\/page"}],"author":[{"embeddable":true,"href":"https:\/\/shop.mira-fleur.de\/shop\/wp-json\/wp\/v2\/users\/1"}],"replies":[{"embeddable":true,"href":"https:\/\/shop.mira-fleur.de\/shop\/wp-json\/wp\/v2\/comments?post=15"}],"version-history":[{"count":5,"href":"https:\/\/shop.mira-fleur.de\/shop\/wp-json\/wp\/v2\/pages\/15\/revisions"}],"predecessor-version":[{"id":534,"href":"https:\/\/shop.mira-fleur.de\/shop\/wp-json\/wp\/v2\/pages\/15\/revisions\/534"}],"wp:attachment":[{"href":"https:\/\/shop.mira-fleur.de\/shop\/wp-json\/wp\/v2\/media?parent=15"}],"curies":[{"name":"wp","href":"https:\/\/api.w.org\/{rel}","templated":true}]}}